{"id":266,"date":"2016-11-29T05:05:02","date_gmt":"2016-11-29T05:05:02","guid":{"rendered":"https:\/\/oceanwp.org\/stylish\/?page_id=82"},"modified":"2021-05-05T17:58:36","modified_gmt":"2021-05-05T17:58:36","slug":"impressum","status":"publish","type":"page","link":"https:\/\/violatina.de\/?page_id=266","title":{"rendered":"Impressum"},"content":{"rendered":"\t\t<div data-elementor-type=\"wp-page\" data-elementor-id=\"266\" class=\"elementor elementor-266\">\n\t\t\t\t\t\t\t\t\t<section class=\"elementor-section elementor-top-section elementor-element elementor-element-17d0986 elementor-section-boxed elementor-section-height-default elementor-section-height-default\" data-id=\"17d0986\" data-element_type=\"section\" data-settings=\"{&quot;background_background&quot;:&quot;classic&quot;}\">\n\t\t\t\t\t\t<div class=\"elementor-container elementor-column-gap-default\">\n\t\t\t\t\t<div class=\"elementor-column elementor-col-33 elementor-top-column elementor-element elementor-element-f05f753\" data-id=\"f05f753\" data-element_type=\"column\">\n\t\t\t<div class=\"elementor-widget-wrap\">\n\t\t\t\t\t\t\t\t\t<\/div>\n\t\t<\/div>\n\t\t\t\t<div class=\"elementor-column elementor-col-33 elementor-top-column elementor-element elementor-element-112bc7e\" data-id=\"112bc7e\" data-element_type=\"column\">\n\t\t\t<div class=\"elementor-widget-wrap elementor-element-populated\">\n\t\t\t\t\t\t\t\t<div class=\"elementor-element elementor-element-faf70e3 elementor-widget elementor-widget-image\" data-id=\"faf70e3\" data-element_type=\"widget\" data-widget_type=\"image.default\">\n\t\t\t\t<div class=\"elementor-widget-container\">\n\t\t\t\t\t\t\t\t\t\t\t\t\t\t\t<img width=\"768\" height=\"158\" src=\"https:\/\/violatina.de\/wp-content\/uploads\/2021\/05\/viola_violin_logo_0505_2-768x158.png\" class=\"attachment-medium_large size-medium_large wp-image-1343\" alt=\"\" loading=\"lazy\" srcset=\"https:\/\/violatina.de\/wp-content\/uploads\/2021\/05\/viola_violin_logo_0505_2-768x158.png 768w, https:\/\/violatina.de\/wp-content\/uploads\/2021\/05\/viola_violin_logo_0505_2-300x62.png 300w, https:\/\/violatina.de\/wp-content\/uploads\/2021\/05\/viola_violin_logo_0505_2-1024x210.png 1024w, https:\/\/violatina.de\/wp-content\/uploads\/2021\/05\/viola_violin_logo_0505_2-1536x315.png 1536w, https:\/\/violatina.de\/wp-content\/uploads\/2021\/05\/viola_violin_logo_0505_2-2048x420.png 2048w\" sizes=\"(max-width: 768px) 100vw, 768px\" \/>\t\t\t\t\t\t\t\t\t\t\t\t\t\t\t<\/div>\n\t\t\t\t<\/div>\n\t\t\t\t\t<\/div>\n\t\t<\/div>\n\t\t\t\t<div class=\"elementor-column elementor-col-33 elementor-top-column elementor-element elementor-element-d4288a7\" data-id=\"d4288a7\" data-element_type=\"column\">\n\t\t\t<div class=\"elementor-widget-wrap\">\n\t\t\t\t\t\t\t\t\t<\/div>\n\t\t<\/div>\n\t\t\t\t\t\t\t<\/div>\n\t\t<\/section>\n\t\t\t\t<section class=\"elementor-section elementor-top-section elementor-element elementor-element-hdhwtjh elementor-section-boxed elementor-section-height-default elementor-section-height-default\" data-id=\"hdhwtjh\" data-element_type=\"section\">\n\t\t\t\t\t\t<div class=\"elementor-container elementor-column-gap-default\">\n\t\t\t\t\t<div class=\"elementor-column elementor-col-100 elementor-top-column elementor-element elementor-element-hencdof\" data-id=\"hencdof\" data-element_type=\"column\">\n\t\t\t<div class=\"elementor-widget-wrap elementor-element-populated\">\n\t\t\t\t\t\t\t\t<section class=\"elementor-section elementor-inner-section elementor-element elementor-element-bsriajy elementor-section-content-space-evenly elementor-section-boxed elementor-section-height-default elementor-section-height-default\" data-id=\"bsriajy\" data-element_type=\"section\">\n\t\t\t\t\t\t<div class=\"elementor-container elementor-column-gap-no\">\n\t\t\t\t\t<div class=\"elementor-column elementor-col-100 elementor-inner-column elementor-element elementor-element-0tqt8fl\" data-id=\"0tqt8fl\" data-element_type=\"column\">\n\t\t\t<div class=\"elementor-widget-wrap elementor-element-populated\">\n\t\t\t\t\t\t\t\t<div class=\"elementor-element elementor-element-b373412 elementor-widget elementor-widget-heading\" data-id=\"b373412\" data-element_type=\"widget\" data-widget_type=\"heading.default\">\n\t\t\t\t<div class=\"elementor-widget-container\">\n\t\t\t<h1 class=\"elementor-heading-title elementor-size-xxl\">Impressum<\/h1>\t\t<\/div>\n\t\t\t\t<\/div>\n\t\t\t\t<div class=\"elementor-element elementor-element-5ef379b elementor-widget elementor-widget-text-editor\" data-id=\"5ef379b\" data-element_type=\"widget\" data-widget_type=\"text-editor.default\">\n\t\t\t\t<div class=\"elementor-widget-container\">\n\t\t\t\t\t\t\t<div>Kristina Menzel-Labitzke<\/div><div>Prenzlauer Allee 23<\/div><div>10405 Berlin<\/div><div><br \/>Mobil: 0179 \/ 226 63 47<br \/>E-Mail: kristina.labitzke@googlemail.com<\/div><div>\u00a0<\/div><div><strong>Verantwortlich nach \u00a7 55 RStV, soweit nicht nachfolgend ausdr\u00fccklich anders benannt:<\/strong><br \/>Kristina Menzel-Labitzke<\/div><div>\u00a0<\/div><p><strong>Hinweis zur Online-Streitbeilegung gem\u00e4\u00df Art. 14 Abs. 1 ODR-VO:<\/strong><br \/>Die Europ\u00e4ische Kommission stellt eine Plattform zur Online-Streitbeilegung (OS) bereit, die Sie unter <a href=\"http:\/\/ec.europa.eu\/consumers\/odr\/\" target=\"_blank\" rel=\"noopener\">http:\/\/ec.europa.eu\/consumers\/odr\/<\/a>\u00a0finden.<\/p>\t\t\t\t\t\t<\/div>\n\t\t\t\t<\/div>\n\t\t\t\t\t<\/div>\n\t\t<\/div>\n\t\t\t\t\t\t\t<\/div>\n\t\t<\/section>\n\t\t\t\t\t<\/div>\n\t\t<\/div>\n\t\t\t\t\t\t\t<\/div>\n\t\t<\/section>\n\t\t\t\t\t\t\t<\/div>\n\t\t","protected":false},"excerpt":{"rendered":"<p>Impressum Kristina Menzel-LabitzkePrenzlauer Allee 2310405 BerlinMobil: 0179 \/ 226 63 47E-Mail: kristina.labitzke@googlemail.com\u00a0Verantwortlich nach \u00a7 55 RStV, soweit nicht nachfolgend ausdr\u00fccklich anders benannt:Kristina Menzel-Labitzke\u00a0 Hinweis zur Online-Streitbeilegung gem\u00e4\u00df Art. 14 Abs. 1 ODR-VO:Die Europ\u00e4ische Kommission stellt eine Plattform zur Online-Streitbeilegung (OS) bereit, die Sie unter http:\/\/ec.europa.eu\/consumers\/odr\/\u00a0finden.<\/p>\n","protected":false},"author":1,"featured_media":0,"parent":0,"menu_order":0,"comment_status":"closed","ping_status":"closed","template":"","meta":{"ocean_post_layout":"","ocean_both_sidebars_style":"","ocean_both_sidebars_content_width":0,"ocean_both_sidebars_sidebars_width":0,"ocean_sidebar":"","ocean_second_sidebar":"","ocean_disable_margins":"enable","ocean_add_body_class":"","ocean_shortcode_before_top_bar":"","ocean_shortcode_after_top_bar":"","ocean_shortcode_before_header":"","ocean_shortcode_after_header":"","ocean_has_shortcode":"","ocean_shortcode_after_title":"","ocean_shortcode_before_footer_widgets":"","ocean_shortcode_after_footer_widgets":"","ocean_shortcode_before_footer_bottom":"","ocean_shortcode_after_footer_bottom":"","ocean_display_top_bar":"default","ocean_display_header":"default","ocean_header_style":"","ocean_center_header_left_menu":"","ocean_custom_header_template":"","ocean_custom_logo":0,"ocean_custom_retina_logo":0,"ocean_custom_logo_max_width":0,"ocean_custom_logo_tablet_max_width":0,"ocean_custom_logo_mobile_max_width":0,"ocean_custom_logo_max_height":0,"ocean_custom_logo_tablet_max_height":0,"ocean_custom_logo_mobile_max_height":0,"ocean_header_custom_menu":"","ocean_menu_typo_font_family":"","ocean_menu_typo_font_subset":"","ocean_menu_typo_font_size":0,"ocean_menu_typo_font_size_tablet":0,"ocean_menu_typo_font_size_mobile":0,"ocean_menu_typo_font_size_unit":"px","ocean_menu_typo_font_weight":"","ocean_menu_typo_font_weight_tablet":"","ocean_menu_typo_font_weight_mobile":"","ocean_menu_typo_transform":"","ocean_menu_typo_transform_tablet":"","ocean_menu_typo_transform_mobile":"","ocean_menu_typo_line_height":0,"ocean_menu_typo_line_height_tablet":0,"ocean_menu_typo_line_height_mobile":0,"ocean_menu_typo_line_height_unit":"","ocean_menu_typo_spacing":0,"ocean_menu_typo_spacing_tablet":0,"ocean_menu_typo_spacing_mobile":0,"ocean_menu_typo_spacing_unit":"","ocean_menu_link_color":"","ocean_menu_link_color_hover":"","ocean_menu_link_color_active":"","ocean_menu_link_background":"","ocean_menu_link_hover_background":"","ocean_menu_link_active_background":"","ocean_menu_social_links_bg":"","ocean_menu_social_hover_links_bg":"","ocean_menu_social_links_color":"","ocean_menu_social_hover_links_color":"","ocean_disable_title":"default","ocean_disable_heading":"default","ocean_post_title":"","ocean_post_subheading":"","ocean_post_title_style":"","ocean_post_title_background_color":"","ocean_post_title_background":0,"ocean_post_title_bg_image_position":"","ocean_post_title_bg_image_attachment":"","ocean_post_title_bg_image_repeat":"","ocean_post_title_bg_image_size":"","ocean_post_title_height":0,"ocean_post_title_bg_overlay":0.5,"ocean_post_title_bg_overlay_color":"","ocean_disable_breadcrumbs":"default","ocean_breadcrumbs_color":"","ocean_breadcrumbs_separator_color":"","ocean_breadcrumbs_links_color":"","ocean_breadcrumbs_links_hover_color":"","ocean_display_footer_widgets":"default","ocean_display_footer_bottom":"default","ocean_custom_footer_template":""},"yoast_head":"<!-- This site is optimized with the Yoast SEO plugin v18.4.1 - https:\/\/yoast.com\/wordpress\/plugins\/seo\/ -->\n<title>Impressum &bull; Viola<\/title>\n<meta name=\"robots\" content=\"index, follow, max-snippet:-1, max-image-preview:large, max-video-preview:-1\" \/>\n<link rel=\"canonical\" href=\"https:\/\/violatina.de\/?page_id=266\" \/>\n<meta property=\"og:locale\" content=\"de_DE\" \/>\n<meta property=\"og:type\" content=\"article\" \/>\n<meta property=\"og:title\" content=\"Impressum &bull; Viola\" \/>\n<meta property=\"og:description\" content=\"Impressum Kristina Menzel-LabitzkePrenzlauer Allee 2310405 BerlinMobil: 0179 \/ 226 63 47E-Mail: kristina.labitzke@googlemail.com\u00a0Verantwortlich nach \u00a7 55 RStV, soweit nicht nachfolgend ausdr\u00fccklich anders benannt:Kristina Menzel-Labitzke\u00a0 Hinweis zur Online-Streitbeilegung gem\u00e4\u00df Art. 14 Abs. 1 ODR-VO:Die Europ\u00e4ische Kommission stellt eine Plattform zur Online-Streitbeilegung (OS) bereit, die Sie unter http:\/\/ec.europa.eu\/consumers\/odr\/\u00a0finden.\" \/>\n<meta property=\"og:url\" content=\"https:\/\/violatina.de\/?page_id=266\" \/>\n<meta property=\"og:site_name\" content=\"Viola\" \/>\n<meta property=\"article:modified_time\" content=\"2021-05-05T17:58:36+00:00\" \/>\n<meta property=\"og:image\" content=\"https:\/\/violatina.de\/wp-content\/uploads\/2021\/05\/viola_violin_logo_0505_2-768x158.png\" \/>\n<meta name=\"twitter:card\" content=\"summary_large_image\" \/>\n<meta name=\"twitter:label1\" content=\"Gesch\u00e4tzte Lesezeit\" \/>\n\t<meta name=\"twitter:data1\" content=\"1 Minute\" \/>\n<script type=\"application\/ld+json\" class=\"yoast-schema-graph\">{\"@context\":\"https:\/\/schema.org\",\"@graph\":[{\"@type\":\"Organization\",\"@id\":\"https:\/\/violatina.de\/#organization\",\"name\":\"Viola- und Violinenunterricht in Prenzlauer Berg\",\"url\":\"https:\/\/violatina.de\/\",\"sameAs\":[],\"logo\":{\"@type\":\"ImageObject\",\"@id\":\"https:\/\/violatina.de\/#logo\",\"inLanguage\":\"de-DE\",\"url\":\"https:\/\/violatina.de\/wp-content\/uploads\/2021\/05\/viola_violin_logo_0505_2.png\",\"contentUrl\":\"https:\/\/violatina.de\/wp-content\/uploads\/2021\/05\/viola_violin_logo_0505_2.png\",\"width\":4267,\"height\":876,\"caption\":\"Viola- und Violinenunterricht in Prenzlauer Berg\"},\"image\":{\"@id\":\"https:\/\/violatina.de\/#logo\"}},{\"@type\":\"WebSite\",\"@id\":\"https:\/\/violatina.de\/#website\",\"url\":\"https:\/\/violatina.de\/\",\"name\":\"Viola\",\"description\":\"Professioneller Viola- und Violinenunterricht\",\"publisher\":{\"@id\":\"https:\/\/violatina.de\/#organization\"},\"potentialAction\":[{\"@type\":\"SearchAction\",\"target\":{\"@type\":\"EntryPoint\",\"urlTemplate\":\"https:\/\/violatina.de\/?s={search_term_string}\"},\"query-input\":\"required name=search_term_string\"}],\"inLanguage\":\"de-DE\"},{\"@type\":\"ImageObject\",\"@id\":\"https:\/\/violatina.de\/?page_id=266#primaryimage\",\"inLanguage\":\"de-DE\",\"url\":\"https:\/\/violatina.de\/wp-content\/uploads\/2021\/05\/viola_violin_logo_0505_2.png\",\"contentUrl\":\"https:\/\/violatina.de\/wp-content\/uploads\/2021\/05\/viola_violin_logo_0505_2.png\",\"width\":4267,\"height\":876},{\"@type\":\"WebPage\",\"@id\":\"https:\/\/violatina.de\/?page_id=266#webpage\",\"url\":\"https:\/\/violatina.de\/?page_id=266\",\"name\":\"Impressum &bull; Viola\",\"isPartOf\":{\"@id\":\"https:\/\/violatina.de\/#website\"},\"primaryImageOfPage\":{\"@id\":\"https:\/\/violatina.de\/?page_id=266#primaryimage\"},\"datePublished\":\"2016-11-29T05:05:02+00:00\",\"dateModified\":\"2021-05-05T17:58:36+00:00\",\"breadcrumb\":{\"@id\":\"https:\/\/violatina.de\/?page_id=266#breadcrumb\"},\"inLanguage\":\"de-DE\",\"potentialAction\":[{\"@type\":\"ReadAction\",\"target\":[\"https:\/\/violatina.de\/?page_id=266\"]}]},{\"@type\":\"BreadcrumbList\",\"@id\":\"https:\/\/violatina.de\/?page_id=266#breadcrumb\",\"itemListElement\":[{\"@type\":\"ListItem\",\"position\":1,\"name\":\"Startseite\",\"item\":\"https:\/\/violatina.de\/\"},{\"@type\":\"ListItem\",\"position\":2,\"name\":\"Impressum\"}]}]}<\/script>\n<!-- \/ Yoast SEO plugin. -->","yoast_head_json":{"title":"Impressum &bull; Viola","robots":{"index":"index","follow":"follow","max-snippet":"max-snippet:-1","max-image-preview":"max-image-preview:large","max-video-preview":"max-video-preview:-1"},"canonical":"https:\/\/violatina.de\/?page_id=266","og_locale":"de_DE","og_type":"article","og_title":"Impressum &bull; Viola","og_description":"Impressum Kristina Menzel-LabitzkePrenzlauer Allee 2310405 BerlinMobil: 0179 \/ 226 63 47E-Mail: kristina.labitzke@googlemail.com\u00a0Verantwortlich nach \u00a7 55 RStV, soweit nicht nachfolgend ausdr\u00fccklich anders benannt:Kristina Menzel-Labitzke\u00a0 Hinweis zur Online-Streitbeilegung gem\u00e4\u00df Art. 14 Abs. 1 ODR-VO:Die Europ\u00e4ische Kommission stellt eine Plattform zur Online-Streitbeilegung (OS) bereit, die Sie unter http:\/\/ec.europa.eu\/consumers\/odr\/\u00a0finden.","og_url":"https:\/\/violatina.de\/?page_id=266","og_site_name":"Viola","article_modified_time":"2021-05-05T17:58:36+00:00","og_image":[{"url":"https:\/\/violatina.de\/wp-content\/uploads\/2021\/05\/viola_violin_logo_0505_2-768x158.png"}],"twitter_card":"summary_large_image","twitter_misc":{"Gesch\u00e4tzte Lesezeit":"1 Minute"},"schema":{"@context":"https:\/\/schema.org","@graph":[{"@type":"Organization","@id":"https:\/\/violatina.de\/#organization","name":"Viola- und Violinenunterricht in Prenzlauer Berg","url":"https:\/\/violatina.de\/","sameAs":[],"logo":{"@type":"ImageObject","@id":"https:\/\/violatina.de\/#logo","inLanguage":"de-DE","url":"https:\/\/violatina.de\/wp-content\/uploads\/2021\/05\/viola_violin_logo_0505_2.png","contentUrl":"https:\/\/violatina.de\/wp-content\/uploads\/2021\/05\/viola_violin_logo_0505_2.png","width":4267,"height":876,"caption":"Viola- und Violinenunterricht in Prenzlauer Berg"},"image":{"@id":"https:\/\/violatina.de\/#logo"}},{"@type":"WebSite","@id":"https:\/\/violatina.de\/#website","url":"https:\/\/violatina.de\/","name":"Viola","description":"Professioneller Viola- und Violinenunterricht","publisher":{"@id":"https:\/\/violatina.de\/#organization"},"potentialAction":[{"@type":"SearchAction","target":{"@type":"EntryPoint","urlTemplate":"https:\/\/violatina.de\/?s={search_term_string}"},"query-input":"required name=search_term_string"}],"inLanguage":"de-DE"},{"@type":"ImageObject","@id":"https:\/\/violatina.de\/?page_id=266#primaryimage","inLanguage":"de-DE","url":"https:\/\/violatina.de\/wp-content\/uploads\/2021\/05\/viola_violin_logo_0505_2.png","contentUrl":"https:\/\/violatina.de\/wp-content\/uploads\/2021\/05\/viola_violin_logo_0505_2.png","width":4267,"height":876},{"@type":"WebPage","@id":"https:\/\/violatina.de\/?page_id=266#webpage","url":"https:\/\/violatina.de\/?page_id=266","name":"Impressum &bull; Viola","isPartOf":{"@id":"https:\/\/violatina.de\/#website"},"primaryImageOfPage":{"@id":"https:\/\/violatina.de\/?page_id=266#primaryimage"},"datePublished":"2016-11-29T05:05:02+00:00","dateModified":"2021-05-05T17:58:36+00:00","breadcrumb":{"@id":"https:\/\/violatina.de\/?page_id=266#breadcrumb"},"inLanguage":"de-DE","potentialAction":[{"@type":"ReadAction","target":["https:\/\/violatina.de\/?page_id=266"]}]},{"@type":"BreadcrumbList","@id":"https:\/\/violatina.de\/?page_id=266#breadcrumb","itemListElement":[{"@type":"ListItem","position":1,"name":"Startseite","item":"https:\/\/violatina.de\/"},{"@type":"ListItem","position":2,"name":"Impressum"}]}]}},"_links":{"self":[{"href":"https:\/\/violatina.de\/index.php?rest_route=\/wp\/v2\/pages\/266"}],"collection":[{"href":"https:\/\/violatina.de\/index.php?rest_route=\/wp\/v2\/pages"}],"about":[{"href":"https:\/\/violatina.de\/index.php?rest_route=\/wp\/v2\/types\/page"}],"author":[{"embeddable":true,"href":"https:\/\/violatina.de\/index.php?rest_route=\/wp\/v2\/users\/1"}],"replies":[{"embeddable":true,"href":"https:\/\/violatina.de\/index.php?rest_route=%2Fwp%2Fv2%2Fcomments&post=266"}],"version-history":[{"count":54,"href":"https:\/\/violatina.de\/index.php?rest_route=\/wp\/v2\/pages\/266\/revisions"}],"predecessor-version":[{"id":1445,"href":"https:\/\/violatina.de\/index.php?rest_route=\/wp\/v2\/pages\/266\/revisions\/1445"}],"wp:attachment":[{"href":"https:\/\/violatina.de\/index.php?rest_route=%2Fwp%2Fv2%2Fmedia&parent=266"}],"curies":[{"name":"wp","href":"https:\/\/api.w.org\/{rel}","templated":true}]}}